{"id":2357,"date":"2020-04-03T17:32:40","date_gmt":"2020-04-03T15:32:40","guid":{"rendered":"https:\/\/flinger.eu\/izdelek\/flinger-retro-pack\/"},"modified":"2020-05-20T19:01:12","modified_gmt":"2020-05-20T17:01:12","slug":"flinger-retro-pack","status":"publish","type":"product","link":"https:\/\/flinger.eu\/en\/product\/flinger-retro-pack\/","title":{"rendered":"Flinger RETRO pack"},"content":{"rendered":"<p><strong>Packed in a special retro packaging from the times of our beginnings. A perfect gift idea!<\/strong><\/p>\n<p>Prstomet or flingers is a perfect game for all generations. You can play it on family picnics, vacations or friends gatherings. <\/p>\n<p>Flinger discs are made of specially selected rubber and offer a great grip while holding them. The discs will no longer bounce and remain perfectly in place when thrown by the proficient players. These discs are an official equipment used in Slovenian Flinger tournaments.<\/p>\n<p><strong>The set includes:<\/strong><\/p>\n<ul>\n<li>8 big discs in four different colours<\/li>\n<li>2 small discs<\/li>\n<li>a handy handhold<\/li>\n<li>instructions<\/li>\n<\/ul>\n<p>Play it for fun or as a serious game, the choice is yours!<\/p>\n<p><img loading=\"lazy\" decoding=\"async\" class=\"alignnone size-full wp-image-1735\" src=\"https:\/\/flinger.eu\/wp-content\/uploads\/2020\/03\/balincki-igra.jpg\" alt=\"balincki igra\" width=\"1170\" height=\"582\" srcset=\"https:\/\/flinger.eu\/wp-content\/uploads\/2020\/03\/balincki-igra.jpg 1170w, https:\/\/flinger.eu\/wp-content\/uploads\/2020\/03\/balincki-igra-300x149.jpg 300w, https:\/\/flinger.eu\/wp-content\/uploads\/2020\/03\/balincki-igra-1024x509.jpg 1024w, https:\/\/flinger.eu\/wp-content\/uploads\/2020\/03\/balincki-igra-768x382.jpg 768w, https:\/\/flinger.eu\/wp-content\/uploads\/2020\/03\/balincki-igra-800x398.jpg 800w\" sizes=\"(max-width: 1170px) 100vw, 1170px\" \/><\/p>\n","protected":false},"excerpt":{"rendered":"<p>Flinger retro pack is packed in a special retro packaging from the times of our beginnings. A perfect gift idea!<\/p>\n<p><em>VAT is included in the price.<\/em><\/p>\n<p><em>\u00a0<\/em><\/p>\n","protected":false},"featured_media":2004,"comment_status":"closed","ping_status":"closed","template":"","meta":{"_et_pb_use_builder":"off","_et_pb_old_content":"<strong>Zapakirano v posebno retro embala\u017eo iz \u010dasov na\u0161ega za\u010detka. Odli\u010dna ideja za darilo!<\/strong>\r\n\r\nPrstomet ali balin\u010dkanje je odli\u010dna igra za vse generacije. Lahko jo igrate na dru\u017einskih piknikih, dopustu ali dru\u017eenju s prijatelji.\r\n\r\nPlo\u0161\u010dki Flinger so narejeni iz posebej izbrane gume in nudijo nizko odbojnost ter odli\u010den ob\u010dutek v roki. Tako se va\u0161i balin\u010dki ne bodo ve\u010d nerodno odbijali, v rokah pravih mojstrov ostanejo namre\u010d popolnoma na mestu. So tudi uradni rekvizit za tekmovanja v prstometu pod okriljem Prstometne organizacije Slovenije.\r\n\r\n<strong>Komplet vsebuje:<\/strong>\r\n<ul>\r\n \t<li>8 ve\u010djih plo\u0161\u010dkov v \u0161tirih razli\u010dnih barvah<\/li>\r\n \t<li>2 mala balin\u010dka<\/li>\r\n \t<li>priro\u010dno dr\u017ealo<\/li>\r\n \t<li>navodila za igro<\/li>\r\n<\/ul>\r\nIgrajte za zabavo ali resno igro, izbira je povsem va\u0161a!\r\n\r\n<img class=\"alignnone size-full wp-image-1693\" src=\"https:\/\/flinger.eu\/wp-content\/uploads\/2020\/03\/balincki-igra.jpg\" alt=\"balincki igra\" width=\"1170\" height=\"582\" \/>","_et_gb_content_width":""},"product_brand":[],"product_cat":[47],"product_tag":[56,53,49,51,50],"class_list":{"0":"post-2357","1":"product","2":"type-product","3":"status-publish","4":"has-post-thumbnail","6":"product_cat-flingers","7":"product_tag-boules","8":"product_tag-flinger-en-2","9":"product_tag-flingers","10":"product_tag-gift","11":"product_tag-gift-package","13":"first","14":"instock","15":"taxable","16":"shipping-taxable","17":"purchasable","18":"product-type-simple"},"yoast_head":"<!-- This site is optimized with the Yoast SEO plugin v26.2 - https:\/\/yoast.com\/wordpress\/plugins\/seo\/ -->\n<title>Flinger RETRO pack - FLINGER<\/title>\n<meta name=\"robots\" content=\"index, follow, max-snippet:-1, max-image-preview:large, max-video-preview:-1\" \/>\n<link rel=\"canonical\" href=\"https:\/\/flinger.eu\/en\/product\/flinger-retro-pack\/\" \/>\n<meta property=\"og:locale\" content=\"en_US\" \/>\n<meta property=\"og:type\" content=\"article\" \/>\n<meta property=\"og:title\" content=\"Flinger RETRO pack - FLINGER\" \/>\n<meta property=\"og:description\" content=\"Flinger retro pack is packed in a special retro packaging from the times of our beginnings. A perfect gift idea!  VAT is included in the price.  \u00a0\" \/>\n<meta property=\"og:url\" content=\"https:\/\/flinger.eu\/en\/product\/flinger-retro-pack\/\" \/>\n<meta property=\"og:site_name\" content=\"FLINGER\" \/>\n<meta property=\"article:publisher\" content=\"https:\/\/www.facebook.com\/flinger.eu\/\" \/>\n<meta property=\"article:modified_time\" content=\"2020-05-20T17:01:12+00:00\" \/>\n<meta property=\"og:image\" content=\"https:\/\/flinger.eu\/wp-content\/uploads\/2020\/04\/flinger-darilni-paket.jpg\" \/>\n\t<meta property=\"og:image:width\" content=\"1200\" \/>\n\t<meta property=\"og:image:height\" content=\"1200\" \/>\n\t<meta property=\"og:image:type\" content=\"image\/jpeg\" \/>\n<meta name=\"twitter:card\" content=\"summary_large_image\" \/>\n<meta name=\"twitter:label1\" content=\"Est. reading time\" \/>\n\t<meta name=\"twitter:data1\" content=\"1 minute\" \/>\n<script type=\"application\/ld+json\" class=\"yoast-schema-graph\">{\"@context\":\"https:\/\/schema.org\",\"@graph\":[{\"@type\":\"WebPage\",\"@id\":\"https:\/\/flinger.eu\/en\/product\/flinger-retro-pack\/\",\"url\":\"https:\/\/flinger.eu\/en\/product\/flinger-retro-pack\/\",\"name\":\"Flinger RETRO pack - FLINGER\",\"isPartOf\":{\"@id\":\"https:\/\/flinger.eu\/en\/#website\"},\"primaryImageOfPage\":{\"@id\":\"https:\/\/flinger.eu\/en\/product\/flinger-retro-pack\/#primaryimage\"},\"image\":{\"@id\":\"https:\/\/flinger.eu\/en\/product\/flinger-retro-pack\/#primaryimage\"},\"thumbnailUrl\":\"https:\/\/flinger.eu\/wp-content\/uploads\/2020\/04\/flinger-darilni-paket.jpg\",\"datePublished\":\"2020-04-03T15:32:40+00:00\",\"dateModified\":\"2020-05-20T17:01:12+00:00\",\"breadcrumb\":{\"@id\":\"https:\/\/flinger.eu\/en\/product\/flinger-retro-pack\/#breadcrumb\"},\"inLanguage\":\"en-US\",\"potentialAction\":[{\"@type\":\"ReadAction\",\"target\":[\"https:\/\/flinger.eu\/en\/product\/flinger-retro-pack\/\"]}]},{\"@type\":\"ImageObject\",\"inLanguage\":\"en-US\",\"@id\":\"https:\/\/flinger.eu\/en\/product\/flinger-retro-pack\/#primaryimage\",\"url\":\"https:\/\/flinger.eu\/wp-content\/uploads\/2020\/04\/flinger-darilni-paket.jpg\",\"contentUrl\":\"https:\/\/flinger.eu\/wp-content\/uploads\/2020\/04\/flinger-darilni-paket.jpg\",\"width\":1200,\"height\":1200},{\"@type\":\"BreadcrumbList\",\"@id\":\"https:\/\/flinger.eu\/en\/product\/flinger-retro-pack\/#breadcrumb\",\"itemListElement\":[{\"@type\":\"ListItem\",\"position\":1,\"name\":\"Home\",\"item\":\"https:\/\/flinger.eu\/en\/\"},{\"@type\":\"ListItem\",\"position\":2,\"name\":\"Shop\",\"item\":\"https:\/\/flinger.eu\/en\/shop\/\"},{\"@type\":\"ListItem\",\"position\":3,\"name\":\"Flinger RETRO pack\"}]},{\"@type\":\"WebSite\",\"@id\":\"https:\/\/flinger.eu\/en\/#website\",\"url\":\"https:\/\/flinger.eu\/en\/\",\"name\":\"FLINGER\",\"description\":\"Draw closer &amp; win\",\"publisher\":{\"@id\":\"https:\/\/flinger.eu\/en\/#organization\"},\"potentialAction\":[{\"@type\":\"SearchAction\",\"target\":{\"@type\":\"EntryPoint\",\"urlTemplate\":\"https:\/\/flinger.eu\/en\/?s={search_term_string}\"},\"query-input\":{\"@type\":\"PropertyValueSpecification\",\"valueRequired\":true,\"valueName\":\"search_term_string\"}}],\"inLanguage\":\"en-US\"},{\"@type\":\"Organization\",\"@id\":\"https:\/\/flinger.eu\/en\/#organization\",\"name\":\"FLINGER\",\"url\":\"https:\/\/flinger.eu\/en\/\",\"logo\":{\"@type\":\"ImageObject\",\"inLanguage\":\"en-US\",\"@id\":\"https:\/\/flinger.eu\/en\/#\/schema\/logo\/image\/\",\"url\":\"https:\/\/flinger.eu\/wp-content\/uploads\/2020\/03\/FLINGER-logo-orig-ret.png\",\"contentUrl\":\"https:\/\/flinger.eu\/wp-content\/uploads\/2020\/03\/FLINGER-logo-orig-ret.png\",\"width\":498,\"height\":121,\"caption\":\"FLINGER\"},\"image\":{\"@id\":\"https:\/\/flinger.eu\/en\/#\/schema\/logo\/image\/\"},\"sameAs\":[\"https:\/\/www.facebook.com\/flinger.eu\/\",\"https:\/\/www.instagram.com\/flinger.eu\/\"]}]}<\/script>\n<!-- \/ Yoast SEO plugin. -->","yoast_head_json":{"title":"Flinger RETRO pack - FLINGER","robots":{"index":"index","follow":"follow","max-snippet":"max-snippet:-1","max-image-preview":"max-image-preview:large","max-video-preview":"max-video-preview:-1"},"canonical":"https:\/\/flinger.eu\/en\/product\/flinger-retro-pack\/","og_locale":"en_US","og_type":"article","og_title":"Flinger RETRO pack - FLINGER","og_description":"Flinger retro pack is packed in a special retro packaging from the times of our beginnings. A perfect gift idea!  VAT is included in the price.  \u00a0","og_url":"https:\/\/flinger.eu\/en\/product\/flinger-retro-pack\/","og_site_name":"FLINGER","article_publisher":"https:\/\/www.facebook.com\/flinger.eu\/","article_modified_time":"2020-05-20T17:01:12+00:00","og_image":[{"width":1200,"height":1200,"url":"https:\/\/flinger.eu\/wp-content\/uploads\/2020\/04\/flinger-darilni-paket.jpg","type":"image\/jpeg"}],"twitter_card":"summary_large_image","twitter_misc":{"Est. reading time":"1 minute"},"schema":{"@context":"https:\/\/schema.org","@graph":[{"@type":"WebPage","@id":"https:\/\/flinger.eu\/en\/product\/flinger-retro-pack\/","url":"https:\/\/flinger.eu\/en\/product\/flinger-retro-pack\/","name":"Flinger RETRO pack - FLINGER","isPartOf":{"@id":"https:\/\/flinger.eu\/en\/#website"},"primaryImageOfPage":{"@id":"https:\/\/flinger.eu\/en\/product\/flinger-retro-pack\/#primaryimage"},"image":{"@id":"https:\/\/flinger.eu\/en\/product\/flinger-retro-pack\/#primaryimage"},"thumbnailUrl":"https:\/\/flinger.eu\/wp-content\/uploads\/2020\/04\/flinger-darilni-paket.jpg","datePublished":"2020-04-03T15:32:40+00:00","dateModified":"2020-05-20T17:01:12+00:00","breadcrumb":{"@id":"https:\/\/flinger.eu\/en\/product\/flinger-retro-pack\/#breadcrumb"},"inLanguage":"en-US","potentialAction":[{"@type":"ReadAction","target":["https:\/\/flinger.eu\/en\/product\/flinger-retro-pack\/"]}]},{"@type":"ImageObject","inLanguage":"en-US","@id":"https:\/\/flinger.eu\/en\/product\/flinger-retro-pack\/#primaryimage","url":"https:\/\/flinger.eu\/wp-content\/uploads\/2020\/04\/flinger-darilni-paket.jpg","contentUrl":"https:\/\/flinger.eu\/wp-content\/uploads\/2020\/04\/flinger-darilni-paket.jpg","width":1200,"height":1200},{"@type":"BreadcrumbList","@id":"https:\/\/flinger.eu\/en\/product\/flinger-retro-pack\/#breadcrumb","itemListElement":[{"@type":"ListItem","position":1,"name":"Home","item":"https:\/\/flinger.eu\/en\/"},{"@type":"ListItem","position":2,"name":"Shop","item":"https:\/\/flinger.eu\/en\/shop\/"},{"@type":"ListItem","position":3,"name":"Flinger RETRO pack"}]},{"@type":"WebSite","@id":"https:\/\/flinger.eu\/en\/#website","url":"https:\/\/flinger.eu\/en\/","name":"FLINGER","description":"Draw closer &amp; win","publisher":{"@id":"https:\/\/flinger.eu\/en\/#organization"},"potentialAction":[{"@type":"SearchAction","target":{"@type":"EntryPoint","urlTemplate":"https:\/\/flinger.eu\/en\/?s={search_term_string}"},"query-input":{"@type":"PropertyValueSpecification","valueRequired":true,"valueName":"search_term_string"}}],"inLanguage":"en-US"},{"@type":"Organization","@id":"https:\/\/flinger.eu\/en\/#organization","name":"FLINGER","url":"https:\/\/flinger.eu\/en\/","logo":{"@type":"ImageObject","inLanguage":"en-US","@id":"https:\/\/flinger.eu\/en\/#\/schema\/logo\/image\/","url":"https:\/\/flinger.eu\/wp-content\/uploads\/2020\/03\/FLINGER-logo-orig-ret.png","contentUrl":"https:\/\/flinger.eu\/wp-content\/uploads\/2020\/03\/FLINGER-logo-orig-ret.png","width":498,"height":121,"caption":"FLINGER"},"image":{"@id":"https:\/\/flinger.eu\/en\/#\/schema\/logo\/image\/"},"sameAs":["https:\/\/www.facebook.com\/flinger.eu\/","https:\/\/www.instagram.com\/flinger.eu\/"]}]}},"jetpack_sharing_enabled":true,"_links":{"self":[{"href":"https:\/\/flinger.eu\/en\/wp-json\/wp\/v2\/product\/2357","targetHints":{"allow":["GET"]}}],"collection":[{"href":"https:\/\/flinger.eu\/en\/wp-json\/wp\/v2\/product"}],"about":[{"href":"https:\/\/flinger.eu\/en\/wp-json\/wp\/v2\/types\/product"}],"replies":[{"embeddable":true,"href":"https:\/\/flinger.eu\/en\/wp-json\/wp\/v2\/comments?post=2357"}],"wp:featuredmedia":[{"embeddable":true,"href":"https:\/\/flinger.eu\/en\/wp-json\/wp\/v2\/media\/2004"}],"wp:attachment":[{"href":"https:\/\/flinger.eu\/en\/wp-json\/wp\/v2\/media?parent=2357"}],"wp:term":[{"taxonomy":"product_brand","embeddable":true,"href":"https:\/\/flinger.eu\/en\/wp-json\/wp\/v2\/product_brand?post=2357"},{"taxonomy":"product_cat","embeddable":true,"href":"https:\/\/flinger.eu\/en\/wp-json\/wp\/v2\/product_cat?post=2357"},{"taxonomy":"product_tag","embeddable":true,"href":"https:\/\/flinger.eu\/en\/wp-json\/wp\/v2\/product_tag?post=2357"}],"curies":[{"name":"wp","href":"https:\/\/api.w.org\/{rel}","templated":true}]}}